{"id":353,"date":"2013-05-27T12:51:40","date_gmt":"2013-05-27T12:51:40","guid":{"rendered":"http:\/\/aurland-il.no\/?page_id=353"},"modified":"2016-02-21T21:24:41","modified_gmt":"2016-02-21T19:24:41","slug":"contact","status":"publish","type":"page","link":"http:\/\/aurland-il.no\/?page_id=353","title":{"rendered":"Kontaktar"},"content":{"rendered":"<p>Sp\u00f8rsm\u00e5l, innspill og kommentarer kan sendes til Hovedstyret eller Gruppeleirar i de ulike s\u00e6rgruppa.<\/p>\n","protected":false},"excerpt":{"rendered":"<p>Sp\u00f8rsm\u00e5l, innspill og kommentarer kan sendes til Hovedstyret eller Gruppeleirar i de ulike s\u00e6rgruppa.<\/p>\n","protected":false},"author":2,"featured_media":0,"parent":0,"menu_order":0,"comment_status":"closed","ping_status":"closed","template":"page-full.php","meta":{"footnotes":""},"_links":{"self":[{"href":"http:\/\/aurland-il.no\/index.php?rest_route=\/wp\/v2\/pages\/353"}],"collection":[{"href":"http:\/\/aurland-il.no\/index.php?rest_route=\/wp\/v2\/pages"}],"about":[{"href":"http:\/\/aurland-il.no\/index.php?rest_route=\/wp\/v2\/types\/page"}],"author":[{"embeddable":true,"href":"http:\/\/aurland-il.no\/index.php?rest_route=\/wp\/v2\/users\/2"}],"replies":[{"embeddable":true,"href":"http:\/\/aurland-il.no\/index.php?rest_route=%2Fwp%2Fv2%2Fcomments&post=353"}],"version-history":[{"count":2,"href":"http:\/\/aurland-il.no\/index.php?rest_route=\/wp\/v2\/pages\/353\/revisions"}],"predecessor-version":[{"id":759,"href":"http:\/\/aurland-il.no\/index.php?rest_route=\/wp\/v2\/pages\/353\/revisions\/759"}],"wp:attachment":[{"href":"http:\/\/aurland-il.no\/index.php?rest_route=%2Fwp%2Fv2%2Fmedia&parent=353"}],"curies":[{"name":"wp","href":"https:\/\/api.w.org\/{rel}","templated":true}]}}