{"id":2520,"date":"2017-01-11T15:37:36","date_gmt":"2017-01-11T14:37:36","guid":{"rendered":"http:\/\/aurland-il.no\/?page_id=2520"},"modified":"2017-09-20T22:30:57","modified_gmt":"2017-09-20T21:30:57","slug":"dykking","status":"publish","type":"page","link":"https:\/\/aurland-il.no\/?page_id=2520","title":{"rendered":"Dykking"},"content":{"rendered":"<p>&nbsp;<\/p>\n<p>Dykkargruppa<\/p>\n<p>Kontakt:<\/p>\n<ul>\n<li>Leiar: Kristjan Arnason, tel 91529041 \u2013 mail: <a href=\"mailto:post.arnason@gmail.com\">arnason@gmail.com<\/a><\/li>\n<li>Styremedlem Kristin Skahjem, tel: 902 96 021 mail:, <a href=\"mailto:kristinskahjem@gmail.com\">kristinskahjem@gmail.com<\/a><\/li>\n<li>Styremedlem Jon Olav Stedje, Tel 936 27\u00a0347 mail <a href=\"mailto:jonolav@aurlandhavn.no\">jonolav@aurlandhavn.no<\/a><\/li>\n<li>Styremedlem Bj\u00f8rn Ebne, tel 901 40\u00a0418 mail bjoebn@online.no<\/li>\n<\/ul>\n<p>Er medlemsklubb i Norges Dykkerforbund: <a href=\"http:\/\/ndf.no\/\">http:\/\/ndf.no\/<\/a><\/p>\n<p>Har som m\u00e5l:<\/p>\n<ul>\n<li>\u00c5 fremme dykking som sport og alle de greiner som dykking omfattar.<\/li>\n<li>\u00c5 legge til rette for dykkarkurs lokalt i Aurland eller i samarbeid med andre dykkarklubber i n\u00e6romr\u00e5det.<\/li>\n<li>\u00c5 tilby nybegynnarar innan dykking, etter fullf\u00f8rt og best\u00e5tt kurs, tilgang til dykkarutstyr og luftfylling da gruppa har investert i fleire dykkarsett til utleige til lita sum for eiga medlemmer.<\/li>\n<li>\u00c5 skape tilbod til yngre medlemmer med aktiviteter i basseng og fridykking i sj\u00f8en<\/li>\n<\/ul>\n<p>Helsekrav for dykking: <a href=\"http:\/\/dykkemedisin.no\/onewebmedia\/Helseundersokelse%20av%20fritidsdykkere.pdf\">http:\/\/dykkemedisin.no\/onewebmedia\/Helseundersokelse%20av%20fritidsdykkere.pdf<\/a><\/p>\n<p>Kursforl\u00f8p sportsdykking:<\/p>\n<ul>\n<li>Grunnkurs: Teori og video undervisning p\u00e5 internett + torsdag ettermiddag og helg med praktisk trening og utsjekk i basseng og sj\u00f8. Kvalifiserer i dykking til 20m. Pris p\u00e5 kurs kr 4-5000. I tillegg m\u00e5 deltaker kj\u00f8pe ABC pakke: Maske hansker og sv\u00f8mmef\u00f8tter, pris mellom 3-4000 avhengig av kurstilbud og kvalitet.<\/li>\n<li>Utvida kurs: Teori og video undervisning p\u00e5 internett + en helg med praktiske \u00f8vingar og utsjekk i sj\u00f8. Kvalifiserer til dykking ned til 30m. Pris ca 5000<\/li>\n<li>Det er h\u00f8ve til \u00e5 ta fleire kurs og h\u00f8gare grad innan sportsdykking men oppsettet varierer mellom organisasjonane PADI og CMAS. Sj\u00e5 vidare p\u00e5 lenkene her under.<\/li>\n<\/ul>\n<p>PADI sportsdykker kurs:<\/p>\n<ul>\n<li><a href=\"https:\/\/www.padi.com\/padi-courses\/padi-course-catalog\">https:\/\/www.padi.com\/padi-courses\/padi-course-catalog<\/a><\/li>\n<\/ul>\n<p>&nbsp;<\/p>\n<p>CMAS sportsdykker kurs:<\/p>\n<ul>\n<li><a href=\"http:\/\/ndf.no\/index.php?menuid=30&amp;expand=27,30\">http:\/\/ndf.no\/index.php?menuid=30&amp;expand=27,30<\/a><\/li>\n<\/ul>\n<p>&nbsp;<\/p>\n<p>Grener innen sportsdykking:<\/p>\n<ul>\n<li>Nattdykking \u2013 orientering \u2013 str\u00f8mdykking \u2013 vrakdykking \u2013 undervatns jakt \u2013 s\u00f8k og hev \u2013 undervatns photo \/ film \u2013 nitrox \u2013 dypdykking \u2013 marin biologi \u2013 arkeologi &#8211; dykking med undervatns skuter \u2013 dykking med rebreather (lukka pustesystem) \u2013 teknisk dykking<\/li>\n<\/ul>\n<p>&nbsp;<\/p>\n<p>Fridykking:<\/p>\n<ul>\n<li>CMAS *: <a href=\"http:\/\/ndf.no\/index.php?menuid=53&amp;expand=27,31,53\">http:\/\/ndf.no\/index.php?menuid=53&amp;expand=27,31,53<\/a><\/li>\n<li>CMAS **: <a href=\"http:\/\/ndf.no\/index.php?menuid=54&amp;expand=27,31,54\">http:\/\/ndf.no\/index.php?menuid=54&amp;expand=27,31,54<\/a><\/li>\n<li>CMAS ***: <a href=\"http:\/\/ndf.no\/index.php?menuid=55&amp;expand=27,31,55\">http:\/\/ndf.no\/index.php?menuid=55&amp;expand=27,31,55<\/a><\/li>\n<li>CMAS Apnea *: <a href=\"http:\/\/ndf.no\/index.php?menuid=241&amp;expand=27,31,241\">http:\/\/ndf.no\/index.php?menuid=241&amp;expand=27,31,241<\/a><\/li>\n<li>CMAS Apnea **: <a href=\"http:\/\/ndf.no\/index.php?menuid=242&amp;expand=27,31,242\">http:\/\/ndf.no\/index.php?menuid=242&amp;expand=27,31,242<\/a><\/li>\n<li>CMAS Apnea ***: <a href=\"http:\/\/ndf.no\/index.php?menuid=254&amp;expand=27,31,254\">http:\/\/ndf.no\/index.php?menuid=254&amp;expand=27,31,254<\/a><\/li>\n<\/ul>\n<p>Bassengaktiviteter:<\/p>\n<ul>\n<li>Undervannsrugby: <a href=\"http:\/\/ndf.no\/index.php?menuid=103&amp;expand=26,103\">http:\/\/ndf.no\/index.php?menuid=103&amp;expand=26,103<\/a><\/li>\n<li>Undervannshockey: <a href=\"http:\/\/ndf.no\/getfile.php\/2124\/UV-hockey.pdf\">http:\/\/ndf.no\/getfile.php\/2124\/UV-hockey.pdf<\/a><\/li>\n<li>Finne symjing: Distanse symjing for \u00e5 bygge opp utholdenhet og kondisjon<\/li>\n<li>Monofinne symjing: Konkurranse gren der man fors\u00f8ker \u00e5 sv\u00f8mme lengst mulig distanse uten \u00e5 puste.<\/li>\n<\/ul>\n<p>&nbsp;<\/p>\n","protected":false},"excerpt":{"rendered":"<p>&nbsp; Dykkargruppa Kontakt: Leiar: Kristjan Arnason, tel 91529041 \u2013 mail: arnason@gmail.com Styremedlem Kristin Skahjem, tel: 902 96 021 mail:, kristinskahjem@gmail.com Styremedlem Jon Olav Stedje, Tel 936 27\u00a0347 mail jonolav@aurlandhavn.no Styremedlem Bj\u00f8rn Ebne, tel 901 40\u00a0418 mail bjoebn@online.no Er medlemsklubb i Norges Dykkerforbund: http:\/\/ndf.no\/ Har som m\u00e5l: \u00c5 fremme dykking som sport og alle de greiner&#8230;<\/p>\n","protected":false},"author":2,"featured_media":0,"parent":0,"menu_order":0,"comment_status":"closed","ping_status":"closed","template":"","meta":{"footnotes":""},"_links":{"self":[{"href":"https:\/\/aurland-il.no\/index.php?rest_route=\/wp\/v2\/pages\/2520"}],"collection":[{"href":"https:\/\/aurland-il.no\/index.php?rest_route=\/wp\/v2\/pages"}],"about":[{"href":"https:\/\/aurland-il.no\/index.php?rest_route=\/wp\/v2\/types\/page"}],"author":[{"embeddable":true,"href":"https:\/\/aurland-il.no\/index.php?rest_route=\/wp\/v2\/users\/2"}],"replies":[{"embeddable":true,"href":"https:\/\/aurland-il.no\/index.php?rest_route=%2Fwp%2Fv2%2Fcomments&post=2520"}],"version-history":[{"count":3,"href":"https:\/\/aurland-il.no\/index.php?rest_route=\/wp\/v2\/pages\/2520\/revisions"}],"predecessor-version":[{"id":2771,"href":"https:\/\/aurland-il.no\/index.php?rest_route=\/wp\/v2\/pages\/2520\/revisions\/2771"}],"wp:attachment":[{"href":"https:\/\/aurland-il.no\/index.php?rest_route=%2Fwp%2Fv2%2Fmedia&parent=2520"}],"curies":[{"name":"wp","href":"https:\/\/api.w.org\/{rel}","templated":true}]}}