{"id":428,"date":"2013-06-13T06:35:34","date_gmt":"2013-06-13T06:35:34","guid":{"rendered":"http:\/\/aurland-il.no\/?page_id=428"},"modified":"2021-06-20T20:23:27","modified_gmt":"2021-06-20T19:23:27","slug":"lagsbuss","status":"publish","type":"page","link":"https:\/\/aurland-il.no\/?page_id=428","title":{"rendered":"Lagsbuss"},"content":{"rendered":"<p><b>Tinging av lagsbussen vert gjort av gruppeleiar, som ogs\u00e5 koordinerer fordelinga av bruken laga imellom. Gruppeleiararane koordinerer tingingane seg imellom.<\/b><\/p>\n<p>Booking sendes til skrivar Line Irgens Skjerdal: line.im@hotmail.com<\/p>\n<p><strong><div class=\"dpEventsCalendar\" id=\"dpEventsCalendar_1_91650301\" style=\"width:870px;\"><\/div><\/strong><\/p>\n<p align=\"center\">\u00a0<strong>Bruk av Aurland Idrettslag sin lagsbuss<\/strong><\/p>\n<ul>\n<li>Alle grupper innanfor AIL kan nytta bussen.<\/li>\n<li>\u201dF\u00f8rst til m\u00f8lla\u201d prinsippet gjeld.<\/li>\n<li>Gruppa betalar ein fast sum p\u00e5 kroner 400,00 for bruk av bussen, inkludert diesel.<\/li>\n<li>Gruppa har ansvar for \u00e5 stille med sj\u00e5f\u00f8r med godkjent f\u00f8rarkort for minibuss.<\/li>\n<li>I tillegg til sj\u00e5f\u00f8r skal gruppa ha med ein vaksen i bussen.<\/li>\n<li>Sponsor kan nytte bussen i samsvar med sponsoravtale<\/li>\n<li>Bussen har fast parkering p\u00e5 oppmerka plass i R\u00e5dhusgarasjen.<\/li>\n<li>N\u00f8kkel vert \u00e5 kvittere ut i resepsjonen i R\u00e5dhuset saman med ESSO kort, og leverast tilbake s\u00e5 snart som r\u00e5d.<\/li>\n<li>Sjekk bussen i henhold til liste som ligg i bussen ved uttak og innsett.<\/li>\n<li>Ferdsskive ligg i hanskerommet og skal fyllast ut, brukast og oppbevarast i hanskerommet etter turen.<\/li>\n<li>AIL har avtale om fylling av drivstoff hj\u00e5 Aurland Bensinstasjon og nyttar ESSO-kortet. Drivstoff skal fyllast opp etter bruk. Kvittering skal leggast saman med kortet. Kvitteringsliste for fylling av drivstoff vert lagt i bussen. Denne skal brukast, i tillegg til kvittering.<\/li>\n<li>Om vinteren skal motorvarmar brukast. Kabel skal oppbevarast i bussen under k\u00f8yring. Denne fungerar ogs\u00e5 som batteriladar.<\/li>\n<li>Handbrekk skal ikkje brukast om vinteren n\u00e5r bussen er parkert i garasjen. Den skal kun st\u00e5 i gir fordi brekket lett frys<\/li>\n<li><strong>Til slutt: Forlat bussen slik du ynskjer \u00e5 finne den, rein og fin og tom for boss.<\/strong><\/li>\n<\/ul>\n<p>Eventuelle skadar, feil og mangler p\u00e5 bussen skal straks meldast til hovudstyret v\/ Alf Str\u00f8msnes p\u00e5 alf-s@privat.alb.no<\/p>\n","protected":false},"excerpt":{"rendered":"<p>Tinging av lagsbussen vert gjort av gruppeleiar, som ogs\u00e5 koordinerer fordelinga av bruken laga imellom. Gruppeleiararane koordinerer tingingane seg imellom. Booking sendes til skrivar Line Irgens Skjerdal: line.im@hotmail.com \u00a0Bruk av Aurland Idrettslag sin lagsbuss Alle grupper innanfor AIL kan nytta bussen. \u201dF\u00f8rst til m\u00f8lla\u201d prinsippet gjeld. Gruppa betalar ein fast sum p\u00e5 kroner 400,00 for&#8230;<\/p>\n","protected":false},"author":2,"featured_media":0,"parent":0,"menu_order":0,"comment_status":"closed","ping_status":"closed","template":"page-full.php","meta":{"footnotes":""},"_links":{"self":[{"href":"https:\/\/aurland-il.no\/index.php?rest_route=\/wp\/v2\/pages\/428"}],"collection":[{"href":"https:\/\/aurland-il.no\/index.php?rest_route=\/wp\/v2\/pages"}],"about":[{"href":"https:\/\/aurland-il.no\/index.php?rest_route=\/wp\/v2\/types\/page"}],"author":[{"embeddable":true,"href":"https:\/\/aurland-il.no\/index.php?rest_route=\/wp\/v2\/users\/2"}],"replies":[{"embeddable":true,"href":"https:\/\/aurland-il.no\/index.php?rest_route=%2Fwp%2Fv2%2Fcomments&post=428"}],"version-history":[{"count":3,"href":"https:\/\/aurland-il.no\/index.php?rest_route=\/wp\/v2\/pages\/428\/revisions"}],"predecessor-version":[{"id":3553,"href":"https:\/\/aurland-il.no\/index.php?rest_route=\/wp\/v2\/pages\/428\/revisions\/3553"}],"wp:attachment":[{"href":"https:\/\/aurland-il.no\/index.php?rest_route=%2Fwp%2Fv2%2Fmedia&parent=428"}],"curies":[{"name":"wp","href":"https:\/\/api.w.org\/{rel}","templated":true}]}}