{"id":440,"date":"2013-06-13T07:31:36","date_gmt":"2013-06-13T07:31:36","guid":{"rendered":"http:\/\/aurland-il.no\/?page_id=440"},"modified":"2021-09-22T19:30:42","modified_gmt":"2021-09-22T18:30:42","slug":"fotball","status":"publish","type":"page","link":"https:\/\/aurland-il.no\/?page_id=440","title":{"rendered":"Fotball"},"content":{"rendered":"<div class=\"o9v6fnle cxmmr5t8 oygrvhab hcukyx3x c1et5uql\">\n<div dir=\"auto\"><strong><strong><strong>Fotballgruppa i Aurland Idrettslag skal legga til rette for at alle i Aurland skal ha eit fotballtilbod.<\/strong><\/strong><\/strong><\/div>\n<div dir=\"auto\"><strong><strong><strong><br \/>\n<\/strong><\/strong><\/strong><\/p>\n<div dir=\"auto\">For \u00e5 oppretthalde eit treningstilbod til ungane v\u00e5re er idrettslaget ogs\u00e5 prisgitt at foreldre og\/ eller andre stiller opp som trenarar og lagleiarar- dersom du er interessert ta kontakt med leiar i fotballgruppa!<\/div>\n<div dir=\"auto\">Aurland Idrettslag sponsar kurs om nokon er interessert i det\ud83d\udc4d<\/div>\n<\/div>\n<div dir=\"auto\"><\/div>\n<div dir=\"auto\"><strong>Miniputtfotball AIL<\/strong><br \/>\nSesongen startar vanlegvis i april og sluttar i september. Det er trening 1 gong i veka, og deltaking p\u00e5 4 turneringar som finn stad her i Aurland,&nbsp; L\u00e6rdal, p\u00e5 \u00c5rdalstangen og i \u00d8vre \u00c5rdal.<\/p>\n<\/div>\n<\/div>\n<div class=\"o9v6fnle cxmmr5t8 oygrvhab hcukyx3x c1et5uql\">\n<div dir=\"auto\">Av dugnadar m\u00e5 ein som f\u00f8resett vere budd p\u00e5 fylgjande:<\/div>\n<ul>\n<li dir=\"auto\">Bidra med \u00e5 arrangere heimeturnering<\/li>\n<li dir=\"auto\">Stille som funksjon\u00e6r under Fl\u00e5msdalenl\u00f8pet p\u00e5 v\u00e5ren dersom det vert arranger\u00f8r<\/li>\n<li dir=\"auto\">Stille som funksjon\u00e6r under AXTRI (triatlon) p\u00e5 hausten dersom det vert arrangertv<\/li>\n<li dir=\"auto\">Bidra p\u00e5 dugnad under Veterancup i januar<\/li>\n<\/ul>\n<\/div>\n<div class=\"o9v6fnle cxmmr5t8 oygrvhab hcukyx3x c1et5uql\">\n<div dir=\"auto\">P\u00e5 heimeturneringa m\u00e5 alle i aksjon, p\u00e5 dei andre arrangementa er det normalt kun behov for 2 personar fr\u00e5 miniputtgruppa. Men, dette er b\u00e5de sosialt og kjekt!<\/div>\n<\/div>\n<p><a href=\"https:\/\/www.facebook.com\/groups\/1382742602042723\/\">Facebookgruppa for Miniputtfotballen<\/a><\/p>\n<p>&#8212;&#8212;&#8212;&#8212;&#8212;&#8212;&#8212;&#8212;&#8212;&#8212;&#8212;&#8212;&#8212;&#8212;&#8212;&#8212;&#8212;&#8212;&#8212;<\/p>\n<p>Leiar i fotballgruppa er Arve Tokvam<\/p>\n","protected":false},"excerpt":{"rendered":"<p>Fotballgruppa i Aurland Idrettslag skal legga til rette for at alle i Aurland skal ha eit fotballtilbod. For \u00e5 oppretthalde eit treningstilbod til ungane v\u00e5re er idrettslaget ogs\u00e5 prisgitt at foreldre og\/ eller andre stiller opp som trenarar og lagleiarar- dersom du er interessert ta kontakt med leiar i fotballgruppa! Aurland Idrettslag sponsar kurs om&#8230;<\/p>\n","protected":false},"author":2,"featured_media":0,"parent":0,"menu_order":0,"comment_status":"closed","ping_status":"closed","template":"","meta":{"footnotes":""},"_links":{"self":[{"href":"https:\/\/aurland-il.no\/index.php?rest_route=\/wp\/v2\/pages\/440"}],"collection":[{"href":"https:\/\/aurland-il.no\/index.php?rest_route=\/wp\/v2\/pages"}],"about":[{"href":"https:\/\/aurland-il.no\/index.php?rest_route=\/wp\/v2\/types\/page"}],"author":[{"embeddable":true,"href":"https:\/\/aurland-il.no\/index.php?rest_route=\/wp\/v2\/users\/2"}],"replies":[{"embeddable":true,"href":"https:\/\/aurland-il.no\/index.php?rest_route=%2Fwp%2Fv2%2Fcomments&post=440"}],"version-history":[{"count":13,"href":"https:\/\/aurland-il.no\/index.php?rest_route=\/wp\/v2\/pages\/440\/revisions"}],"predecessor-version":[{"id":3653,"href":"https:\/\/aurland-il.no\/index.php?rest_route=\/wp\/v2\/pages\/440\/revisions\/3653"}],"wp:attachment":[{"href":"https:\/\/aurland-il.no\/index.php?rest_route=%2Fwp%2Fv2%2Fmedia&parent=440"}],"curies":[{"name":"wp","href":"https:\/\/api.w.org\/{rel}","templated":true}]}}