{"id":448,"date":"2013-06-13T07:32:26","date_gmt":"2013-06-13T07:32:26","guid":{"rendered":"http:\/\/aurland-il.no\/?page_id=448"},"modified":"2021-08-22T14:41:53","modified_gmt":"2021-08-22T13:41:53","slug":"barneidrett","status":"publish","type":"page","link":"https:\/\/aurland-il.no\/?page_id=448","title":{"rendered":"Barneidrett"},"content":{"rendered":"\n<p>I Aurland idrettslag har me ei barneidrettsgruppe for barn i alderen 4 \u00e5r- 4.kl. Me er delt i tre parti: 4-5 \u00e5ringar, 1.og 2.kl og 3.og4.kl. Me trenar onsdagar kl 18-19 i Aurlandshallen.Vel m\u00f8tt for nye og gamle medlemmar!!<\/p>\n\n\n\n<p>Informasjon vert lagt ut fortl\u00f8pande p\u00e5 facebookgruppa for barneidretten. <\/p>\n\n\n\n<p><a href=\"https:\/\/www.facebook.com\/groups\/132588966898767\"><strong>Facebookgruppa for barneidretten\u00a0<\/strong><\/a><\/p>\n\n\n\n<figure class=\"wp-block-image size-large\"><img loading=\"lazy\" decoding=\"async\" width=\"960\" height=\"720\" src=\"https:\/\/aurland-il.no\/wp-content\/uploads\/2021\/08\/barneidretten.jpg\" alt=\"\" class=\"wp-image-3611\" srcset=\"https:\/\/aurland-il.no\/wp-content\/uploads\/2021\/08\/barneidretten.jpg 960w, https:\/\/aurland-il.no\/wp-content\/uploads\/2021\/08\/barneidretten-300x225.jpg 300w, https:\/\/aurland-il.no\/wp-content\/uploads\/2021\/08\/barneidretten-768x576.jpg 768w\" sizes=\"(max-width: 960px) 100vw, 960px\" \/><\/figure>\n","protected":false},"excerpt":{"rendered":"<p>I Aurland idrettslag har me ei barneidrettsgruppe for barn i alderen 4 \u00e5r- 4.kl. Me er delt i tre parti: 4-5 \u00e5ringar, 1.og 2.kl og 3.og4.kl. Me trenar onsdagar kl 18-19 i Aurlandshallen.Vel m\u00f8tt for nye og gamle medlemmar!! Informasjon vert lagt ut fortl\u00f8pande p\u00e5 facebookgruppa for barneidretten. Facebookgruppa for barneidretten\u00a0<\/p>\n","protected":false},"author":2,"featured_media":0,"parent":0,"menu_order":0,"comment_status":"closed","ping_status":"closed","template":"","meta":{"footnotes":""},"_links":{"self":[{"href":"https:\/\/aurland-il.no\/index.php?rest_route=\/wp\/v2\/pages\/448"}],"collection":[{"href":"https:\/\/aurland-il.no\/index.php?rest_route=\/wp\/v2\/pages"}],"about":[{"href":"https:\/\/aurland-il.no\/index.php?rest_route=\/wp\/v2\/types\/page"}],"author":[{"embeddable":true,"href":"https:\/\/aurland-il.no\/index.php?rest_route=\/wp\/v2\/users\/2"}],"replies":[{"embeddable":true,"href":"https:\/\/aurland-il.no\/index.php?rest_route=%2Fwp%2Fv2%2Fcomments&post=448"}],"version-history":[{"count":11,"href":"https:\/\/aurland-il.no\/index.php?rest_route=\/wp\/v2\/pages\/448\/revisions"}],"predecessor-version":[{"id":3617,"href":"https:\/\/aurland-il.no\/index.php?rest_route=\/wp\/v2\/pages\/448\/revisions\/3617"}],"wp:attachment":[{"href":"https:\/\/aurland-il.no\/index.php?rest_route=%2Fwp%2Fv2%2Fmedia&parent=448"}],"curies":[{"name":"wp","href":"https:\/\/api.w.org\/{rel}","templated":true}]}}