{"id":450,"date":"2013-06-13T07:32:36","date_gmt":"2013-06-13T07:32:36","guid":{"rendered":"http:\/\/aurland-il.no\/?page_id=450"},"modified":"2021-08-22T15:19:21","modified_gmt":"2021-08-22T14:19:21","slug":"ski","status":"publish","type":"page","link":"https:\/\/aurland-il.no\/?page_id=450","title":{"rendered":"Ski"},"content":{"rendered":"<p><strong>SKIKARUSELL<\/strong><\/p>\n<p>Start\/m\u00e5l: ved \u00d8sterb\u00f8 fjellstove<\/p>\n<ul>\n<li>P\u00e5melding: Fr\u00e5 kl.12.30. Renna startar kl. 13.00<\/li>\n<li>Pris: kr 50,- (familie kr. 150)<\/li>\n<li>Dei som ynskjer tidtaking m\u00e5 gi beskjed om dette ved p\u00e5melding<\/li>\n<li>Premiar p\u00e5 uttrekte startnummer. Premiar fr\u00e5 lokale sponsorar<\/li>\n<li>Sal av grilla p\u00f8lser og kald\/varm saft<\/li>\n<li>Ved eventuell utsetjing pga. d\u00e5rleg ver, eller stengd veg; sj\u00e5 AIL si nettside, eller ta kontakt med ein av oss i skigruppa.<\/li>\n<\/ul>\n<p>Kontaktperson: Rune Bekkedal 48 11 49 60<\/p>\n<ul>\n<li><em>Obs! vert det nok sn\u00f8 i bygda vert det arrangert skirenn nede i bygda p\u00e5 kort varsel, dette vert eventuelt annonsert s\u00e6rskilt.<\/em><\/li>\n<\/ul>\n<p>Informasjon om skikarusellar vert lagt ut fortl\u00f8pande i facebookgruppa.<br \/>\n<strong><a href=\"https:\/\/www.facebook.com\/groups\/909143175829663\/\">Facebookgruppa for Skikarusell Aurland<\/a><\/strong><\/p>\n<p>Skigruppa<\/p>\n","protected":false},"excerpt":{"rendered":"<p>SKIKARUSELL Start\/m\u00e5l: ved \u00d8sterb\u00f8 fjellstove P\u00e5melding: Fr\u00e5 kl.12.30. Renna startar kl. 13.00 Pris: kr 50,- (familie kr. 150) Dei som ynskjer tidtaking m\u00e5 gi beskjed om dette ved p\u00e5melding Premiar p\u00e5 uttrekte startnummer. Premiar fr\u00e5 lokale sponsorar Sal av grilla p\u00f8lser og kald\/varm saft Ved eventuell utsetjing pga. d\u00e5rleg ver, eller stengd veg; sj\u00e5 AIL&#8230;<\/p>\n","protected":false},"author":2,"featured_media":0,"parent":0,"menu_order":0,"comment_status":"closed","ping_status":"closed","template":"","meta":{"footnotes":""},"_links":{"self":[{"href":"https:\/\/aurland-il.no\/index.php?rest_route=\/wp\/v2\/pages\/450"}],"collection":[{"href":"https:\/\/aurland-il.no\/index.php?rest_route=\/wp\/v2\/pages"}],"about":[{"href":"https:\/\/aurland-il.no\/index.php?rest_route=\/wp\/v2\/types\/page"}],"author":[{"embeddable":true,"href":"https:\/\/aurland-il.no\/index.php?rest_route=\/wp\/v2\/users\/2"}],"replies":[{"embeddable":true,"href":"https:\/\/aurland-il.no\/index.php?rest_route=%2Fwp%2Fv2%2Fcomments&post=450"}],"version-history":[{"count":12,"href":"https:\/\/aurland-il.no\/index.php?rest_route=\/wp\/v2\/pages\/450\/revisions"}],"predecessor-version":[{"id":3633,"href":"https:\/\/aurland-il.no\/index.php?rest_route=\/wp\/v2\/pages\/450\/revisions\/3633"}],"wp:attachment":[{"href":"https:\/\/aurland-il.no\/index.php?rest_route=%2Fwp%2Fv2%2Fmedia&parent=450"}],"curies":[{"name":"wp","href":"https:\/\/api.w.org\/{rel}","templated":true}]}}