{"id":707,"date":"2013-09-05T06:28:23","date_gmt":"2013-09-05T06:28:23","guid":{"rendered":"http:\/\/aurland-il.no\/?page_id=707"},"modified":"2023-01-02T20:07:21","modified_gmt":"2023-01-02T19:07:21","slug":"hallvaktordninga","status":"publish","type":"page","link":"https:\/\/aurland-il.no\/?page_id=707","title":{"rendered":"Hallvaktordninga"},"content":{"rendered":"<p>Det er avtale mellom Aurland Idrettslag og Aurland Kommune om \u00e5 utf\u00f8ra teneste som hallvakt i Aurlandshallen\u00a0<span style=\"line-height: 1.5em;\">under trening og konkurranse p\u00e5 kveldstid og i helgar<\/span><span style=\"line-height: 1.5em;\">.\u00a0<\/span><\/p>\n<p>Hallvakta skal f\u00f8rst og fremst vera til hjelp og st\u00f8tte for brukarane i Aurlandshallen, b\u00e5de i normal drift og i tilfelle det skulle skje ein naudsituasjon. Hallvakta har og ansvar for \u00e5 sj\u00e5 til at alle brukarane f\u00f8lger dei oppsette reglane for bruk av hallen. Det er Aurland idrettslag som utf\u00f8rer\u00a0oppg\u00e5va som hallvakt.\u00a0<span style=\"line-height: 1.5em;\">Alle vaksne medlemar (over 18 \u00e5r), eller foreldre til born og unge som driv aktivitet i idrettslaget, deltek i vaktordninga.<\/span><\/p>\n<p>Hallvakta har gul vest med tekst \u00abVAKT AURLANDSHALLEN\u00bb.<\/p>\n<p>Hallvakta er til for deg som brukar av hallen og for \u00e5 ta vare p\u00e5 hallen.<br \/>Vis respekt for hallvakta sitt ansvar og oppg\u00e5ver!<\/p>\n<p><span style=\"line-height: 1.5em;\">Det er utarbeida ein instruks for oppg\u00e5vene til hallvakta.<\/span><\/p>\n<p><a href=\"http:\/\/aurland-il.no\/wp-content\/uploads\/2013\/09\/Instruks-for-tilsynsvakt-i-Aurlandshallen-oppdatert-20-feb-2011-2.pdf\">Instruks-for-tilsynsvakt-i-Aurlandshallen-oppdatert-20-feb-2011 (2)<\/a><\/p>\n<p>Vedlagt ligg oversikt over hallvakt. Dersom oppsett tidspunkt ikkje h\u00f8ver, m\u00e5 den einskilde sj\u00f8lv ordne med byte. Ved byte av vakt eller om ein har f\u00e5tt andre som tek vakta skal det gjevast melding p\u00e5\u00a0 SMS til 41 30 28 04, (Alf-sigrd Str\u00f8msnes] Har ein f\u00e5tt andre til \u00e5 ta vakta for seg, er det den som er oppsett p\u00e5 vakt som har ansvaret for at vakta blir gjort etter gjeldande instruks. Endringar p\u00e5 vaktlista vert fortl\u00f8pande oppdatert p\u00e5 AIL sine nettsider samt i vaktrommet i hallen.<\/p>\n<p><strong>Tomt for rapportskjema i perm p\u00e5 vaktrommet?<\/strong><\/p>\n<p><a href=\"http:\/\/aurland-il.no\/wp-content\/uploads\/2013\/09\/Rapportskjema-tilsynsvakt-Aurlandshallen-ta-uskrift-til-perm6.pdf\">Rapportskjema-tilsynsvakt-Aurlandshallen-ta-uskrift-til-perm6<\/a><\/p>\n\n\n<p><\/p>\n\n\n\n<p><\/p>\n\n\n\n<p><\/p>\n","protected":false},"excerpt":{"rendered":"<p>Det er avtale mellom Aurland Idrettslag og Aurland Kommune om \u00e5 utf\u00f8ra teneste som hallvakt i Aurlandshallen\u00a0under trening og konkurranse p\u00e5 kveldstid og i helgar.\u00a0 Hallvakta skal f\u00f8rst og fremst vera til hjelp og st\u00f8tte for brukarane i Aurlandshallen, b\u00e5de i normal drift og i tilfelle det skulle skje ein naudsituasjon. Hallvakta har og ansvar&#8230;<\/p>\n","protected":false},"author":2,"featured_media":0,"parent":0,"menu_order":0,"comment_status":"closed","ping_status":"closed","template":"page-full.php","meta":{"footnotes":""},"_links":{"self":[{"href":"https:\/\/aurland-il.no\/index.php?rest_route=\/wp\/v2\/pages\/707"}],"collection":[{"href":"https:\/\/aurland-il.no\/index.php?rest_route=\/wp\/v2\/pages"}],"about":[{"href":"https:\/\/aurland-il.no\/index.php?rest_route=\/wp\/v2\/types\/page"}],"author":[{"embeddable":true,"href":"https:\/\/aurland-il.no\/index.php?rest_route=\/wp\/v2\/users\/2"}],"replies":[{"embeddable":true,"href":"https:\/\/aurland-il.no\/index.php?rest_route=%2Fwp%2Fv2%2Fcomments&post=707"}],"version-history":[{"count":69,"href":"https:\/\/aurland-il.no\/index.php?rest_route=\/wp\/v2\/pages\/707\/revisions"}],"predecessor-version":[{"id":3881,"href":"https:\/\/aurland-il.no\/index.php?rest_route=\/wp\/v2\/pages\/707\/revisions\/3881"}],"wp:attachment":[{"href":"https:\/\/aurland-il.no\/index.php?rest_route=%2Fwp%2Fv2%2Fmedia&parent=707"}],"curies":[{"name":"wp","href":"https:\/\/api.w.org\/{rel}","templated":true}]}}