{"id":751,"date":"2013-09-05T08:03:21","date_gmt":"2013-09-05T08:03:21","guid":{"rendered":"http:\/\/aurland-il.no\/?page_id=751"},"modified":"2023-03-15T18:35:39","modified_gmt":"2023-03-15T17:35:39","slug":"hovedstyre","status":"publish","type":"page","link":"https:\/\/aurland-il.no\/?page_id=751","title":{"rendered":"Verv i idrettslaget"},"content":{"rendered":"<h3><strong>Hovudstyret i Aurland Idrettslag<\/strong><\/h3>\n<p>Leiar Alf S. Str\u00f8msnes<br \/>Nestleiar Ingeborg Indrelid<br \/>Kasserar Espen Bj\u00f8nnes<br \/>Styremedlem Inge Skahjem Tofastrud<br \/>Styremedlem Eva L\u00e5stad<\/p>\n<p>Ta gjerne kontakt med oss! \ud83d\ude42<br \/>post@aurland-il.no<br \/>Tlf. Alf 413 028 04<\/p>\n<p>Sj\u00e5 oversikt over alle frivillige verv i AIL\u00a0 \u00a0 \u00a0 \u00a0 \u00a0 \u00a0 \u00a0 \u00a0 \u00a0 \u00a0 \u00a0 \u00a0 \u00a0 \u00a0 \u00a0 \u00a0 \u00a0 \u00a0 \u00a0 \u00a0 \u00a0 \u00a0 \u00a0 \u00a0 \u00a0 \u00a0 \u00a0 \u00a0 \u00a0 \u00a0 \u00a0 \u00a0 \u00a0 \u00a0 \u00a0 \u00a0 \u00a0 \u00a0 \u00a0 \u00a0 \u00a0 \u00a0 \u00a0 \u00a0 \u00a0 \u00a0 \u00a0 \u00a0 \u00a0 \u00a0 \u00a0<a href=\"http:\/\/aurland-il.no\/wp-content\/uploads\/2023\/03\/oversikt-ver-i-AIL-2023.pdf\">http:\/\/aurland-il.no\/wp-content\/uploads\/2023\/03\/oversikt-ver-i-AIL-2023.pdf<\/a>\u00a0<\/p>\n\n\n<p><\/p>\n","protected":false},"excerpt":{"rendered":"<p>Hovudstyret i Aurland Idrettslag Leiar Alf S. Str\u00f8msnesNestleiar Ingeborg IndrelidKasserar Espen Bj\u00f8nnesStyremedlem Inge Skahjem TofastrudStyremedlem Eva L\u00e5stad Ta gjerne kontakt med oss! \ud83d\ude42post@aurland-il.noTlf. Alf 413 028 04 Sj\u00e5 oversikt over alle frivillige verv i AIL\u00a0 \u00a0 \u00a0 \u00a0 \u00a0 \u00a0 \u00a0 \u00a0 \u00a0 \u00a0 \u00a0 \u00a0 \u00a0 \u00a0 \u00a0 \u00a0 \u00a0 \u00a0 \u00a0 \u00a0 \u00a0&#8230;<\/p>\n","protected":false},"author":2,"featured_media":0,"parent":0,"menu_order":0,"comment_status":"closed","ping_status":"closed","template":"page-full.php","meta":{"footnotes":""},"_links":{"self":[{"href":"https:\/\/aurland-il.no\/index.php?rest_route=\/wp\/v2\/pages\/751"}],"collection":[{"href":"https:\/\/aurland-il.no\/index.php?rest_route=\/wp\/v2\/pages"}],"about":[{"href":"https:\/\/aurland-il.no\/index.php?rest_route=\/wp\/v2\/types\/page"}],"author":[{"embeddable":true,"href":"https:\/\/aurland-il.no\/index.php?rest_route=\/wp\/v2\/users\/2"}],"replies":[{"embeddable":true,"href":"https:\/\/aurland-il.no\/index.php?rest_route=%2Fwp%2Fv2%2Fcomments&post=751"}],"version-history":[{"count":13,"href":"https:\/\/aurland-il.no\/index.php?rest_route=\/wp\/v2\/pages\/751\/revisions"}],"predecessor-version":[{"id":3928,"href":"https:\/\/aurland-il.no\/index.php?rest_route=\/wp\/v2\/pages\/751\/revisions\/3928"}],"wp:attachment":[{"href":"https:\/\/aurland-il.no\/index.php?rest_route=%2Fwp%2Fv2%2Fmedia&parent=751"}],"curies":[{"name":"wp","href":"https:\/\/api.w.org\/{rel}","templated":true}]}}